{"id":233,"date":"2024-03-14T18:55:22","date_gmt":"2024-03-14T17:55:22","guid":{"rendered":"https:\/\/www.hkdtrebic.cz\/fotogalerie\/"},"modified":"2025-01-13T10:18:43","modified_gmt":"2025-01-13T09:18:43","slug":"fotogalerie","status":"publish","type":"page","link":"https:\/\/www.hkdtrebic.cz\/de\/fotogalerie\/","title":{"rendered":"Fotogalerie"},"content":{"rendered":"","protected":false},"excerpt":{"rendered":"","protected":false},"author":1,"featured_media":0,"parent":0,"menu_order":0,"comment_status":"closed","ping_status":"closed","template":"templates\/fotogalerie.php","meta":{"_acf_changed":false,"footnotes":""},"class_list":["post-233","page","type-page","status-publish","hentry"],"acf":[],"yoast_head":"<!-- This site is optimized with the Yoast SEO Premium plugin v25.3.1 (Yoast SEO v25.3.1) - https:\/\/yoast.com\/wordpress\/plugins\/seo\/ -->\n<title>Fotogalerie - HOR\u00c1CK\u00c9 KOVODRU\u017dSTVO T\u0158EB\u00cd\u010c<\/title>\n<meta name=\"robots\" content=\"noindex, follow, max-snippet:-1, max-image-preview:large, max-video-preview:-1\" \/>\n<meta property=\"og:locale\" content=\"de_DE\" \/>\n<meta property=\"og:type\" content=\"article\" \/>\n<meta property=\"og:title\" content=\"Fotogalerie\" \/>\n<meta property=\"og:url\" content=\"https:\/\/www.hkdtrebic.cz\/de\/fotogalerie\/\" \/>\n<meta property=\"og:site_name\" content=\"HOR\u00c1CK\u00c9 KOVODRU\u017dSTVO T\u0158EB\u00cd\u010c\" \/>\n<meta property=\"article:modified_time\" content=\"2025-01-13T09:18:43+00:00\" \/>\n<meta name=\"twitter:card\" content=\"summary_large_image\" \/>\n<script type=\"application\/ld+json\" class=\"yoast-schema-graph\">{\"@context\":\"https:\/\/schema.org\",\"@graph\":[{\"@type\":\"WebPage\",\"@id\":\"https:\/\/www.hkdtrebic.cz\/de\/fotogalerie\/\",\"url\":\"https:\/\/www.hkdtrebic.cz\/de\/fotogalerie\/\",\"name\":\"Fotogalerie - HOR\u00c1CK\u00c9 KOVODRU\u017dSTVO T\u0158EB\u00cd\u010c\",\"isPartOf\":{\"@id\":\"https:\/\/www.hkdtrebic.cz\/#website\"},\"datePublished\":\"2024-03-14T17:55:22+00:00\",\"dateModified\":\"2025-01-13T09:18:43+00:00\",\"breadcrumb\":{\"@id\":\"https:\/\/www.hkdtrebic.cz\/de\/fotogalerie\/#breadcrumb\"},\"inLanguage\":\"de\",\"potentialAction\":[{\"@type\":\"ReadAction\",\"target\":[\"https:\/\/www.hkdtrebic.cz\/de\/fotogalerie\/\"]}]},{\"@type\":\"BreadcrumbList\",\"@id\":\"https:\/\/www.hkdtrebic.cz\/de\/fotogalerie\/#breadcrumb\",\"itemListElement\":[{\"@type\":\"ListItem\",\"position\":1,\"name\":\"Home\",\"item\":\"https:\/\/www.hkdtrebic.cz\/de\/\"},{\"@type\":\"ListItem\",\"position\":2,\"name\":\"Fotogalerie\"}]},{\"@type\":\"WebSite\",\"@id\":\"https:\/\/www.hkdtrebic.cz\/#website\",\"url\":\"https:\/\/www.hkdtrebic.cz\/\",\"name\":\"HOR\u00c1CK\u00c9 KOVODRU\u017dSTVO T\u0158EB\u00cd\u010c\",\"description\":\"\",\"potentialAction\":[{\"@type\":\"SearchAction\",\"target\":{\"@type\":\"EntryPoint\",\"urlTemplate\":\"https:\/\/www.hkdtrebic.cz\/?s={search_term_string}\"},\"query-input\":{\"@type\":\"PropertyValueSpecification\",\"valueRequired\":true,\"valueName\":\"search_term_string\"}}],\"inLanguage\":\"de\"}]}<\/script>\n<!-- \/ Yoast SEO Premium plugin. -->","yoast_head_json":{"title":"Fotogalerie - HOR\u00c1CK\u00c9 KOVODRU\u017dSTVO T\u0158EB\u00cd\u010c","robots":{"index":"noindex","follow":"follow","max-snippet":"max-snippet:-1","max-image-preview":"max-image-preview:large","max-video-preview":"max-video-preview:-1"},"og_locale":"de_DE","og_type":"article","og_title":"Fotogalerie","og_url":"https:\/\/www.hkdtrebic.cz\/de\/fotogalerie\/","og_site_name":"HOR\u00c1CK\u00c9 KOVODRU\u017dSTVO T\u0158EB\u00cd\u010c","article_modified_time":"2025-01-13T09:18:43+00:00","twitter_card":"summary_large_image","schema":{"@context":"https:\/\/schema.org","@graph":[{"@type":"WebPage","@id":"https:\/\/www.hkdtrebic.cz\/de\/fotogalerie\/","url":"https:\/\/www.hkdtrebic.cz\/de\/fotogalerie\/","name":"Fotogalerie - HOR\u00c1CK\u00c9 KOVODRU\u017dSTVO T\u0158EB\u00cd\u010c","isPartOf":{"@id":"https:\/\/www.hkdtrebic.cz\/#website"},"datePublished":"2024-03-14T17:55:22+00:00","dateModified":"2025-01-13T09:18:43+00:00","breadcrumb":{"@id":"https:\/\/www.hkdtrebic.cz\/de\/fotogalerie\/#breadcrumb"},"inLanguage":"de","potentialAction":[{"@type":"ReadAction","target":["https:\/\/www.hkdtrebic.cz\/de\/fotogalerie\/"]}]},{"@type":"BreadcrumbList","@id":"https:\/\/www.hkdtrebic.cz\/de\/fotogalerie\/#breadcrumb","itemListElement":[{"@type":"ListItem","position":1,"name":"Home","item":"https:\/\/www.hkdtrebic.cz\/de\/"},{"@type":"ListItem","position":2,"name":"Fotogalerie"}]},{"@type":"WebSite","@id":"https:\/\/www.hkdtrebic.cz\/#website","url":"https:\/\/www.hkdtrebic.cz\/","name":"HOR\u00c1CK\u00c9 KOVODRU\u017dSTVO T\u0158EB\u00cd\u010c","description":"","potentialAction":[{"@type":"SearchAction","target":{"@type":"EntryPoint","urlTemplate":"https:\/\/www.hkdtrebic.cz\/?s={search_term_string}"},"query-input":{"@type":"PropertyValueSpecification","valueRequired":true,"valueName":"search_term_string"}}],"inLanguage":"de"}]}},"_links":{"self":[{"href":"https:\/\/www.hkdtrebic.cz\/de\/wp-json\/wp\/v2\/pages\/233","targetHints":{"allow":["GET"]}}],"collection":[{"href":"https:\/\/www.hkdtrebic.cz\/de\/wp-json\/wp\/v2\/pages"}],"about":[{"href":"https:\/\/www.hkdtrebic.cz\/de\/wp-json\/wp\/v2\/types\/page"}],"author":[{"embeddable":true,"href":"https:\/\/www.hkdtrebic.cz\/de\/wp-json\/wp\/v2\/users\/1"}],"replies":[{"embeddable":true,"href":"https:\/\/www.hkdtrebic.cz\/de\/wp-json\/wp\/v2\/comments?post=233"}],"version-history":[{"count":2,"href":"https:\/\/www.hkdtrebic.cz\/de\/wp-json\/wp\/v2\/pages\/233\/revisions"}],"predecessor-version":[{"id":422,"href":"https:\/\/www.hkdtrebic.cz\/de\/wp-json\/wp\/v2\/pages\/233\/revisions\/422"}],"wp:attachment":[{"href":"https:\/\/www.hkdtrebic.cz\/de\/wp-json\/wp\/v2\/media?parent=233"}],"curies":[{"name":"wp","href":"https:\/\/api.w.org\/{rel}","templated":true}]}}